{"id":713,"date":"2022-01-21T10:22:56","date_gmt":"2022-01-21T09:22:56","guid":{"rendered":"http:\/\/primal.tech\/?page_id=713"},"modified":"2024-11-25T17:04:04","modified_gmt":"2024-11-25T16:04:04","slug":"contactez-nous","status":"publish","type":"page","link":"https:\/\/primal.tech\/en\/contactez-nous\/","title":{"rendered":"Contact us"},"content":{"rendered":"<div class=\"wp-block-contact-form-7-contact-form-selector\">\n<div class=\"wpcf7 no-js\" id=\"wpcf7-f11-o1\" lang=\"fr-FR\" dir=\"ltr\" data-wpcf7-id=\"11\">\n<div class=\"screen-reader-response\"><p role=\"status\" aria-live=\"polite\" aria-atomic=\"true\"><\/p> <ul><\/ul><\/div>\n<form action=\"\/en\/wp-json\/wp\/v2\/pages\/713#wpcf7-f11-o1\" method=\"post\" class=\"wpcf7-form init\" aria-label=\"Formulaire de contact\" enctype=\"multipart\/form-data\" novalidate=\"novalidate\" data-status=\"init\" data-trp-original-action=\"\/en\/wp-json\/wp\/v2\/pages\/713#wpcf7-f11-o1\">\n<fieldset class=\"hidden-fields-container\"><input type=\"hidden\" name=\"_wpcf7\" value=\"11\" \/><input type=\"hidden\" name=\"_wpcf7_version\" value=\"6.1.5\" \/><input type=\"hidden\" name=\"_wpcf7_locale\" value=\"fr_FR\" \/><input type=\"hidden\" name=\"_wpcf7_unit_tag\" value=\"wpcf7-f11-o1\" \/><input type=\"hidden\" name=\"_wpcf7_container_post\" value=\"0\" \/><input type=\"hidden\" name=\"_wpcf7_posted_data_hash\" value=\"\" \/>\n<\/fieldset>\n<div class=\"form-inputs\">\n\t<div class=\"row\">\n\t\t<p><span class=\"wpcf7-form-control-wrap\" data-name=\"your-name\"><input size=\"40\" maxlength=\"400\" class=\"wpcf7-form-control wpcf7-text wpcf7-validates-as-required\" aria-required=\"true\" aria-invalid=\"false\" placeholder=\"Name\" value=\"\" type=\"text\" name=\"your-name\" \/><\/span><br \/>\n<span class=\"wpcf7-form-control-wrap\" data-name=\"your-email\"><input size=\"40\" maxlength=\"400\" class=\"wpcf7-form-control wpcf7-email wpcf7-validates-as-required wpcf7-text wpcf7-validates-as-email\" aria-required=\"true\" aria-invalid=\"false\" placeholder=\"Email\" value=\"\" type=\"email\" name=\"your-email\" \/><\/span>\n\t\t<\/p>\n\t<\/div>\n\t<div class=\"row\">\n\t\t<p><span class=\"wpcf7-form-control-wrap\" data-name=\"your-tel\"><input size=\"40\" maxlength=\"400\" class=\"wpcf7-form-control wpcf7-tel wpcf7-validates-as-required wpcf7-text wpcf7-validates-as-tel\" aria-required=\"true\" aria-invalid=\"false\" placeholder=\"Phone\" value=\"\" type=\"tel\" name=\"your-tel\" \/><\/span><br \/>\n<span class=\"wpcf7-form-control-wrap\" data-name=\"your-subject\"><input size=\"40\" maxlength=\"400\" class=\"wpcf7-form-control wpcf7-text wpcf7-validates-as-required\" aria-required=\"true\" aria-invalid=\"false\" placeholder=\"Subject\" value=\"\" type=\"text\" name=\"your-subject\" \/><\/span>\n\t\t<\/p>\n\t<\/div>\n<\/div>\n<p><span class=\"wpcf7-form-control-wrap\" data-name=\"your-message\"><textarea cols=\"40\" rows=\"6\" maxlength=\"2000\" class=\"wpcf7-form-control wpcf7-textarea\" aria-invalid=\"false\" placeholder=\"Message\" name=\"your-message\"><\/textarea><\/span><br \/>\n\"The personal data requested to you (last name, first name, email adress) are necessary to processing your request. They are processed by Solem S.A.S. \u2013 5, rue Georges Besse \u2013 34830 CLAPIERS.<br \/>\nYou can exercise your advisory, rectification and removal rights by contacting our Data Protection Officer at dpo@solem.fr.<br \/>\nWe committed not to resell or give away those informations which will only be kept to be processing your request for time required and for a maximum period of three years after services achievement.\"<br \/>\n<br \/>\n<span class=\"wpcf7-form-control-wrap\" data-name=\"monFichier\"><input size=\"40\" class=\"wpcf7-form-control wpcf7-file upload\" id=\"monFichierSource\" accept=\".pdf,.jpg,.jpeg,.png,.zip\" aria-invalid=\"false\" type=\"file\" name=\"monFichier\" \/><\/span><br \/>\n<br \/>\n<br \/>\n<input class=\"wpcf7-form-control wpcf7-submit has-spinner\" type=\"submit\" value=\"Send message \ud83d\udcee\" \/>\n<\/p><div class=\"wpcf7-response-output\" aria-hidden=\"true\"><\/div>\n<input type=\"hidden\" name=\"trp-form-language\" value=\"en\"\/><\/form>\n<\/div>\n<\/div>\n\n\n\n<div style=\"height:160px\" aria-hidden=\"true\" class=\"wp-block-spacer\"><\/div>\n\n\n\n<h4 class=\"wp-block-heading has-text-align-center has-white-color has-text-color\" id=\"mail-telephone\">Email &amp; Phone<\/h4>\n\n\n\n<h5 class=\"wp-block-heading has-text-align-center has-white-color has-text-color\" id=\"contact-primal-tech\">contact@primal.tech | +33 (0)4 67 59 24 25<\/h5>\n\n\n\n<div style=\"height:100px\" aria-hidden=\"true\" class=\"wp-block-spacer\"><\/div>\n\n\n\n<figure class=\"wp-block-image size-full corner-top\"><img loading=\"lazy\" decoding=\"async\" width=\"1499\" height=\"1057\" src=\"https:\/\/primal.tech\/wp-content\/uploads\/2022\/03\/forme1.png\" alt=\"\" class=\"wp-image-1547\"\/><\/figure>\n\n\n\n<figure class=\"wp-block-image size-full corner-bottom\"><img loading=\"lazy\" decoding=\"async\" width=\"1499\" height=\"1057\" src=\"https:\/\/primal.tech\/wp-content\/uploads\/2022\/03\/forme2.png\" alt=\"\" class=\"wp-image-1548\"\/><\/figure>\n\n\n\n<h6 class=\"wp-block-heading has-text-align-center has-text-color\" id=\"mentions-legales\" style=\"color:#4d4d4d\">Legal notices <a href=\"https:\/\/primal.tech\/mentions-legales\/\" title=\"Personal data protection policy \ud83d\udd12\">Personal data protection policy \ud83d\udd12<\/a> \ud83d\udd12<\/h6>\n\n\n\n<p class=\"has-text-align-center has-text-color\" style=\"color:#4d4d4d;font-size:12px\">PRIMAL &#8211; ZAE La Plaine &#8211; 5, rue Georges Besse &#8211; 34830 CLAPIERS &#8211; contact@primal.tech &#8211; SAS au capital de 11\u00a0581 979 \u20ac &#8211; Directeur de publication: M. Fr\u00e9d\u00e9ric COMTE &#8211; L\u2019h\u00e9bergement des sites et des plateformes est g\u00e9r\u00e9 par PRIMAL.<\/p>","protected":false},"excerpt":{"rendered":"<p>Mail &amp; T\u00e9l\u00e9phone contact@primal.tech | +33 (0)4 67 59 24 25 Mentions l\u00e9gales &#8211; Politique&hellip;<\/p>","protected":false},"author":2,"featured_media":0,"parent":0,"menu_order":0,"comment_status":"closed","ping_status":"closed","template":"","meta":{"footnotes":""},"class_list":["post-713","page","type-page","status-publish","hentry","has-content"],"_links":{"self":[{"href":"https:\/\/primal.tech\/en\/wp-json\/wp\/v2\/pages\/713","targetHints":{"allow":["GET"]}}],"collection":[{"href":"https:\/\/primal.tech\/en\/wp-json\/wp\/v2\/pages"}],"about":[{"href":"https:\/\/primal.tech\/en\/wp-json\/wp\/v2\/types\/page"}],"author":[{"embeddable":true,"href":"https:\/\/primal.tech\/en\/wp-json\/wp\/v2\/users\/2"}],"replies":[{"embeddable":true,"href":"https:\/\/primal.tech\/en\/wp-json\/wp\/v2\/comments?post=713"}],"version-history":[{"count":52,"href":"https:\/\/primal.tech\/en\/wp-json\/wp\/v2\/pages\/713\/revisions"}],"predecessor-version":[{"id":8480,"href":"https:\/\/primal.tech\/en\/wp-json\/wp\/v2\/pages\/713\/revisions\/8480"}],"wp:attachment":[{"href":"https:\/\/primal.tech\/en\/wp-json\/wp\/v2\/media?parent=713"}],"curies":[{"name":"wp","href":"https:\/\/api.w.org\/{rel}","templated":true}]}}